{"id":28852,"date":"2024-01-19T08:18:34","date_gmt":"2024-01-19T07:18:34","guid":{"rendered":"https:\/\/excellencedriver.fr\/mentions-legales\/"},"modified":"2026-03-23T10:21:49","modified_gmt":"2026-03-23T09:21:49","slug":"legal-notices","status":"publish","type":"page","link":"https:\/\/excellencedriver.fr\/en\/mentions-legales\/","title":{"rendered":"Legal Notices"},"content":{"rendered":"<div data-elementor-type=\"wp-page\" data-elementor-id=\"28852\" class=\"elementor elementor-28852\" data-elementor-post-type=\"page\">\n\t\t\t\t\t\t<section class=\"elementor-section elementor-top-section elementor-element elementor-element-74948b0f elementor-section-boxed elementor-section-height-default elementor-section-height-default\" data-id=\"74948b0f\" data-element_type=\"section\" data-e-type=\"section\">\n\t\t\t\t\t\t<div class=\"elementor-container elementor-column-gap-default\">\n\t\t\t\t\t<div class=\"elementor-column elementor-col-100 elementor-top-column elementor-element elementor-element-1141bb61\" data-id=\"1141bb61\" data-element_type=\"column\" data-e-type=\"column\">\n\t\t\t<div class=\"elementor-widget-wrap elementor-element-populated\">\n\t\t\t\t\t\t<div class=\"elementor-element elementor-element-7fe4dde4 elementor-widget elementor-widget-heading\" data-id=\"7fe4dde4\" data-element_type=\"widget\" data-e-type=\"widget\" data-widget_type=\"heading.default\">\n\t\t\t\t<div class=\"elementor-widget-container\">\n\t\t\t\t\t<h1 class=\"elementor-heading-title elementor-size-default\">Legal notice<\/h1>\t\t\t\t<\/div>\n\t\t\t\t<\/div>\n\t\t\t\t<div class=\"elementor-element elementor-element-1ddfb609 elementor-widget elementor-widget-text-editor\" data-id=\"1ddfb609\" data-element_type=\"widget\" data-e-type=\"widget\" data-widget_type=\"text-editor.default\">\n\t\t\t\t<div class=\"elementor-widget-container\">\n\t\t\t\t\t\t\t\t\t<p><b>The website excellencedriver.fr is published by:<\/b><\/p><p>WebAudit France<br \/>6 avenue Jean Jaur\u00e8s, 73000 Chamb\u00e9ry<br \/>Limited liability company with a capital of \u20ac600<br \/>RCS Chamb\u00e9ry 823 628 698<br \/>contact(@)webaudit.fr<\/p><p><b>The website excellencedriver.fr is published for: <\/b><\/p><p>Company name: Nabil Allam<br \/>Trade name: Excellence Driver VTC C\u00f4te-d&#039;Azur<br \/>Address: 41 avenue de Verdun 06800 Cagnes-sur-Mer<br \/>SIRET: 535276075 00020<br \/>VAT number: FR27535276075<br \/>Share capital: \u20ac0<br \/>Publishing Director: Nabil Allam<br \/>Telephone: 06 99 35 37 60<\/p><p>Your private driver&#039;s website in Cagnes-sur-Mer was created by the team at\u00a0<a href=\"https:\/\/webaudit.fr\/vtc\" target=\"_blank\" rel=\"noopener\">Webaudit, specialists in website creation for ride-hailing drivers<\/a>\u00a0with natural referencing.<\/p><p>Find out more on\u00a0<a href=\"https:\/\/annuaire-vtc-france.fr\/\">annuaire-vtc-france.fr<\/a> all of <a href=\"https:\/\/annuaire-vtc-france.fr\/vtc-06-alpes-maritimes\/\">Private drivers in the Alpes Maritimes region.<\/a><\/p><p><b>Hosting provider:<\/b><\/p><p>Infomaniak Network SA<br \/>25 Rue Eug\u00e8ne Marziano<br \/>1227 Les Acacias (GE)<br \/>Geneva Canton Commercial Register: CH-660.0.059.996-1<br \/>IDE number: CHE-103.167.648<br \/>VAT number: CHE-103.167.648<\/p><p><b>GDPR Regulations, Data Protection and Use of Cookies:<\/b><\/p><p>In accordance with the requirements of the General Data Protection Regulation (GDPR), we are committed to transparency and the protection of your personal data. For a clear understanding of how we collect, use, and protect your data, as well as our use of cookies to improve your experience on our website, please consult our <a href=\"#gdpr_cookie_modal\">GDPR and Cookies Information Center<\/a>.<\/p><p style=\"text-align: justify;\">By clicking on this link, you will have access to our Privacy Statement and our Cookie Policy detailing our data protection and cookie usage practices, as well as your rights and choices regarding this information.<\/p><p><b>Intellectual property<\/b><\/p><p>All content on this site including, but not limited to, graphics, images, texts, videos, animations, sounds, logos, gifs and icons as well as their formatting are the exclusive property of WEBAUDIT FRANCE SARL with the exception of trademarks, logos or content belonging to other partner companies or authors.<br \/>Any reproduction, distribution, modification, adaptation, retransmission, or publication, even partial, of these elements is strictly prohibited without the express written consent of WEBAUDIT FRANCE SARL. Such representation or reproduction, by any means whatsoever, constitutes copyright infringement punishable under Articles L.335-2 et seq. of the French Intellectual Property Code. Failure to comply with this prohibition constitutes copyright infringement and may result in civil and criminal penalties. Furthermore, the owners of the copied content may take legal action against them.<\/p>\t\t\t\t\t\t\t\t<\/div>\n\t\t\t\t<\/div>\n\t\t\t\t\t<\/div>\n\t\t<\/div>\n\t\t\t\t\t<\/div>\n\t\t<\/section>\n\t\t\t\t<\/div>","protected":false},"excerpt":{"rendered":"<p>Mentions l\u00e9gales Le site excellencedriver.fr est \u00e9dit\u00e9 par : WebAudit France6 avenue Jean Jaur\u00e8s, 73000 Chamb\u00e9rySARL au capital de 600\u20acRCS Chamb\u00e9ry 823 628 698contact(@)webaudit.fr Le site excellencedriver.fr est \u00e9dit\u00e9 pour : Raison sociale\u202f: Nabil AllamNom commercial\u202f: Excellence Driver VTC C\u00f4te-d&rsquo;AzurAdresse\u202f: 41 avenue de Verdun 06800 Cagnes-sur-MerSIRET\u202f: 535276075 00020Num\u00e9ro de TVA\u202f: FR27535276075Capital social\u202f: 0\u20acDirecteur de publication\u202f: [&hellip;]<\/p>\n","protected":false},"author":1,"featured_media":0,"parent":0,"menu_order":0,"comment_status":"closed","ping_status":"closed","template":"elementor_header_footer","meta":{"footnotes":""},"class_list":["post-28852","page","type-page","status-publish","hentry"],"yoast_head":"<!-- This site is optimized with the Yoast SEO plugin v27.2 - https:\/\/yoast.com\/product\/yoast-seo-wordpress\/ -->\n<title>Mentions L\u00e9gales - Excellence Driver VTC C\u00f4te-d&#039;Azur<\/title>\n<meta name=\"robots\" content=\"index, follow, max-snippet:-1, max-image-preview:large, max-video-preview:-1\" \/>\n<link rel=\"canonical\" href=\"https:\/\/excellencedriver.fr\/en\/legal-notices\/\" \/>\n<meta property=\"og:locale\" content=\"en_US\" \/>\n<meta property=\"og:type\" content=\"article\" \/>\n<meta property=\"og:title\" content=\"Mentions L\u00e9gales - Excellence Driver VTC C\u00f4te-d&#039;Azur\" \/>\n<meta property=\"og:description\" content=\"Mentions l\u00e9gales Le site excellencedriver.fr est \u00e9dit\u00e9 par : WebAudit France6 avenue Jean Jaur\u00e8s, 73000 Chamb\u00e9rySARL au capital de 600\u20acRCS Chamb\u00e9ry 823 628 698contact(@)webaudit.fr Le site excellencedriver.fr est \u00e9dit\u00e9 pour : Raison sociale\u202f: Nabil AllamNom commercial\u202f: Excellence Driver VTC C\u00f4te-d&rsquo;AzurAdresse\u202f: 41 avenue de Verdun 06800 Cagnes-sur-MerSIRET\u202f: 535276075 00020Num\u00e9ro de TVA\u202f: FR27535276075Capital social\u202f: 0\u20acDirecteur de publication\u202f: [&hellip;]\" \/>\n<meta property=\"og:url\" content=\"https:\/\/excellencedriver.fr\/en\/legal-notices\/\" \/>\n<meta property=\"og:site_name\" content=\"Excellence Driver VTC C\u00f4te-d&#039;Azur\" \/>\n<meta property=\"article:modified_time\" content=\"2026-03-23T09:21:49+00:00\" \/>\n<meta name=\"twitter:card\" content=\"summary_large_image\" \/>\n<meta name=\"twitter:label1\" content=\"Est. reading time\" \/>\n\t<meta name=\"twitter:data1\" content=\"2 minutes\" \/>\n<script type=\"application\/ld+json\" class=\"yoast-schema-graph\">{\"@context\":\"https:\/\/schema.org\",\"@graph\":[{\"@type\":\"WebPage\",\"@id\":\"https:\/\/excellencedriver.fr\/mentions-legales\/\",\"url\":\"https:\/\/excellencedriver.fr\/mentions-legales\/\",\"name\":\"Mentions L\u00e9gales - Excellence Driver VTC C\u00f4te-d&#039;Azur\",\"isPartOf\":{\"@id\":\"https:\/\/excellencedriver.fr\/#website\"},\"datePublished\":\"2024-01-19T07:18:34+00:00\",\"dateModified\":\"2026-03-23T09:21:49+00:00\",\"breadcrumb\":{\"@id\":\"https:\/\/excellencedriver.fr\/mentions-legales\/#breadcrumb\"},\"inLanguage\":\"en-US\",\"potentialAction\":[{\"@type\":\"ReadAction\",\"target\":[\"https:\/\/excellencedriver.fr\/mentions-legales\/\"]}]},{\"@type\":\"BreadcrumbList\",\"@id\":\"https:\/\/excellencedriver.fr\/mentions-legales\/#breadcrumb\",\"itemListElement\":[{\"@type\":\"ListItem\",\"position\":1,\"name\":\"Accueil\",\"item\":\"https:\/\/excellencedriver.fr\/\"},{\"@type\":\"ListItem\",\"position\":2,\"name\":\"Mentions L\u00e9gales\"}]},{\"@type\":\"WebSite\",\"@id\":\"https:\/\/excellencedriver.fr\/#website\",\"url\":\"https:\/\/excellencedriver.fr\/\",\"name\":\"Excellence Driver VTC Cagnes-sur-Mer\",\"description\":\"Chauffeur priv\u00e9 VTC - Taxi alternatif en C\u00f4te-d&#039;Azur\",\"publisher\":{\"@id\":\"https:\/\/excellencedriver.fr\/#organization\"},\"potentialAction\":[{\"@type\":\"SearchAction\",\"target\":{\"@type\":\"EntryPoint\",\"urlTemplate\":\"https:\/\/excellencedriver.fr\/?s={search_term_string}\"},\"query-input\":{\"@type\":\"PropertyValueSpecification\",\"valueRequired\":true,\"valueName\":\"search_term_string\"}}],\"inLanguage\":\"en-US\"},{\"@type\":\"Organization\",\"@id\":\"https:\/\/excellencedriver.fr\/#organization\",\"name\":\"Excellence Driver VTC Cagnes-sur-Mer\",\"url\":\"https:\/\/excellencedriver.fr\/\",\"logo\":{\"@type\":\"ImageObject\",\"inLanguage\":\"en-US\",\"@id\":\"https:\/\/excellencedriver.fr\/#\/schema\/logo\/image\/\",\"url\":\"https:\/\/excellencedriver.fr\/wp-content\/uploads\/cropped-logo-excellence-driver-transparent.png\",\"contentUrl\":\"https:\/\/excellencedriver.fr\/wp-content\/uploads\/cropped-logo-excellence-driver-transparent.png\",\"width\":435,\"height\":71,\"caption\":\"Excellence Driver VTC Cagnes-sur-Mer\"},\"image\":{\"@id\":\"https:\/\/excellencedriver.fr\/#\/schema\/logo\/image\/\"}}]}<\/script>\n<!-- \/ Yoast SEO plugin. -->","yoast_head_json":{"title":"Legal Notice - Excellence Driver VTC C\u00f4te-d&#039;Azur","robots":{"index":"index","follow":"follow","max-snippet":"max-snippet:-1","max-image-preview":"max-image-preview:large","max-video-preview":"max-video-preview:-1"},"canonical":"https:\/\/excellencedriver.fr\/en\/legal-notices\/","og_locale":"en_US","og_type":"article","og_title":"Mentions L\u00e9gales - Excellence Driver VTC C\u00f4te-d&#039;Azur","og_description":"Mentions l\u00e9gales Le site excellencedriver.fr est \u00e9dit\u00e9 par : WebAudit France6 avenue Jean Jaur\u00e8s, 73000 Chamb\u00e9rySARL au capital de 600\u20acRCS Chamb\u00e9ry 823 628 698contact(@)webaudit.fr Le site excellencedriver.fr est \u00e9dit\u00e9 pour : Raison sociale\u202f: Nabil AllamNom commercial\u202f: Excellence Driver VTC C\u00f4te-d&rsquo;AzurAdresse\u202f: 41 avenue de Verdun 06800 Cagnes-sur-MerSIRET\u202f: 535276075 00020Num\u00e9ro de TVA\u202f: FR27535276075Capital social\u202f: 0\u20acDirecteur de publication\u202f: [&hellip;]","og_url":"https:\/\/excellencedriver.fr\/en\/legal-notices\/","og_site_name":"Excellence Driver VTC C\u00f4te-d&#039;Azur","article_modified_time":"2026-03-23T09:21:49+00:00","twitter_card":"summary_large_image","twitter_misc":{"Est. reading time":"2 minutes"},"schema":{"@context":"https:\/\/schema.org","@graph":[{"@type":"WebPage","@id":"https:\/\/excellencedriver.fr\/mentions-legales\/","url":"https:\/\/excellencedriver.fr\/mentions-legales\/","name":"Legal Notice - Excellence Driver VTC C\u00f4te-d&#039;Azur","isPartOf":{"@id":"https:\/\/excellencedriver.fr\/#website"},"datePublished":"2024-01-19T07:18:34+00:00","dateModified":"2026-03-23T09:21:49+00:00","breadcrumb":{"@id":"https:\/\/excellencedriver.fr\/mentions-legales\/#breadcrumb"},"inLanguage":"en-US","potentialAction":[{"@type":"ReadAction","target":["https:\/\/excellencedriver.fr\/mentions-legales\/"]}]},{"@type":"BreadcrumbList","@id":"https:\/\/excellencedriver.fr\/mentions-legales\/#breadcrumb","itemListElement":[{"@type":"ListItem","position":1,"name":"Accueil","item":"https:\/\/excellencedriver.fr\/"},{"@type":"ListItem","position":2,"name":"Mentions L\u00e9gales"}]},{"@type":"WebSite","@id":"https:\/\/excellencedriver.fr\/#website","url":"https:\/\/excellencedriver.fr\/","name":"Excellence Driver VTC Cagnes-sur-Mer","description":"Private chauffeur service - Alternative taxi service on the French Riviera","publisher":{"@id":"https:\/\/excellencedriver.fr\/#organization"},"potentialAction":[{"@type":"SearchAction","target":{"@type":"EntryPoint","urlTemplate":"https:\/\/excellencedriver.fr\/?s={search_term_string}"},"query-input":{"@type":"PropertyValueSpecification","valueRequired":true,"valueName":"search_term_string"}}],"inLanguage":"en-US"},{"@type":"Organization","@id":"https:\/\/excellencedriver.fr\/#organization","name":"Excellence Driver VTC Cagnes-sur-Mer","url":"https:\/\/excellencedriver.fr\/","logo":{"@type":"ImageObject","inLanguage":"en-US","@id":"https:\/\/excellencedriver.fr\/#\/schema\/logo\/image\/","url":"https:\/\/excellencedriver.fr\/wp-content\/uploads\/cropped-logo-excellence-driver-transparent.png","contentUrl":"https:\/\/excellencedriver.fr\/wp-content\/uploads\/cropped-logo-excellence-driver-transparent.png","width":435,"height":71,"caption":"Excellence Driver VTC Cagnes-sur-Mer"},"image":{"@id":"https:\/\/excellencedriver.fr\/#\/schema\/logo\/image\/"}}]}},"_links":{"self":[{"href":"https:\/\/excellencedriver.fr\/en\/wp-json\/wp\/v2\/pages\/28852","targetHints":{"allow":["GET"]}}],"collection":[{"href":"https:\/\/excellencedriver.fr\/en\/wp-json\/wp\/v2\/pages"}],"about":[{"href":"https:\/\/excellencedriver.fr\/en\/wp-json\/wp\/v2\/types\/page"}],"author":[{"embeddable":true,"href":"https:\/\/excellencedriver.fr\/en\/wp-json\/wp\/v2\/users\/1"}],"replies":[{"embeddable":true,"href":"https:\/\/excellencedriver.fr\/en\/wp-json\/wp\/v2\/comments?post=28852"}],"version-history":[{"count":9,"href":"https:\/\/excellencedriver.fr\/en\/wp-json\/wp\/v2\/pages\/28852\/revisions"}],"predecessor-version":[{"id":29534,"href":"https:\/\/excellencedriver.fr\/en\/wp-json\/wp\/v2\/pages\/28852\/revisions\/29534"}],"wp:attachment":[{"href":"https:\/\/excellencedriver.fr\/en\/wp-json\/wp\/v2\/media?parent=28852"}],"curies":[{"name":"wp","href":"https:\/\/api.w.org\/{rel}","templated":true}]}}